{"id":1262,"date":"2022-01-31T09:18:32","date_gmt":"2022-01-31T08:18:32","guid":{"rendered":"https:\/\/www.cortijolamariscala.com\/?page_id=1262"},"modified":"2022-01-31T09:18:54","modified_gmt":"2022-01-31T08:18:54","slug":"termes-et-conditions-dutilisation","status":"publish","type":"page","link":"https:\/\/www.cortijolamariscala.com\/fr\/termes-et-conditions-dutilisation\/","title":{"rendered":"Termes et conditions d\u2019utilisation"},"content":{"rendered":"<div class=\"wp-bootstrap-blocks-container container mb-2\">\n\t\n<div class=\"wp-bootstrap-blocks-row row\">\n\t\n\n<div class=\"col-12 col-sm-12 col-md-8 col-lg-8 col-xl-8\">\n\t\t\t\n\n<h1 class=\"h2 wp-block-heading\"><strong>Termes et conditions d\u2019utilisation<\/strong><\/h1>\n\n\n\n<p><strong>Date limite de paiement:<\/strong><\/p>\n\n\n\n<p>30% de la facture totale pour formaliser la r\u00e9servation et les 70% restants doivent \u00eatre pay\u00e9s une semaine avant votre arriv\u00e9e \u00e0 la maison. La maison vous est r\u00e9serv\u00e9e \u00e0 partir de ce moment, et vous aurez 5 jours pour payer les 30% sur le compte indiqu\u00e9 ci-dessous. Pass\u00e9 ce d\u00e9lai, sans avoir vers\u00e9 l&#8217;acompte, la r\u00e9servation sera consid\u00e9r\u00e9e comme annul\u00e9e.<\/p>\n\n\n\n<p>I<strong>nformations d&#8217;int\u00e9r\u00eat:\u00a0<\/strong><\/p>\n\n\n\n<p>\u00c0 votre arriv\u00e9e, nous vous attendrons pour vous montrer la maison et vous expliquer comment tout fonctionne. N&#8217;oubliez pas qu&#8217;une maison rurale n&#8217;est pas un h\u00f4tel et n&#8217;a pas de r\u00e9ception. Il est donc n\u00e9cessaire de convenir d&#8217;un commun accord avec le propri\u00e9taire l&#8217;heure d&#8217;arriv\u00e9e.<\/p>\n\n\n\n<p>La maison est livr\u00e9e en tant qu&#8217;unit\u00e9 et ne comprend pas d&#8217;autres services. Les lits seront faits avec un ensemble propre, un ensemble de serviettes par personne sera fourni. La cuisine est \u00e9quip\u00e9e de tous les \u00e9l\u00e9ments que nous jugeons importants et n\u00e9cessaires, ainsi que de tous les couverts et de la vaisselle n\u00e9cessaires.Il n&#8217;est en aucun cas permis dans la maison ou les installations du Cortijo un plus grand nombre de personnes que contract\u00e9 (par exemple, des repas, des f\u00eates, des s\u00e9jours dans le jardin etc.) sauf autorisation \u00e9crite de la propri\u00e9t\u00e9.&nbsp; Les voitures peuvent \u00eatre laiss\u00e9es dans la cour du Cortijo si vous le souhaitez.<\/p>\n\n\n\n<p>Nous vous informons \u00e9galement que la maison ne dispose pas de la climatisation (sauf dans le salon et dans quatre des chambres) et que 6 des 7 pi\u00e8ces de la maison vous seront ouvertes, les autres restant ferm\u00e9es en fonction du nombre de personnes qui viennent et du prix convenu.&nbsp;<\/p>\n\n\n\n<p>Les voitures peuvent \u00eatre laiss\u00e9es dans la cour du Cortijo si vous le souhaitez.<\/p>\n\n\n\n<p>Nous vous informons \u00e9galement que la maison ne dispose pas de la climatisation (sauf dans le salon et les quatre chambres) et que 6 des 7 pi\u00e8ces de la maison vous seront ouvertes, les autres restant ferm\u00e9es en fonction du nombre de personnes qui viennent et du prix convenu.&nbsp;<\/p>\n\n\n\n<p>Une semaine avant votre arriv\u00e9e, vous devez nous envoyer par e-mail une copie de la carte d&#8217;identit\u00e9 de la personne \u00e0 qui nous remettrons les cl\u00e9s et qui sera responsable de tout dommage qui pourrait \u00eatre caus\u00e9. Tous les clients doivent s&#8217;enregistrer \u00e0 leur arriv\u00e9e.<\/p>\n\n\n\n<p>Veuillez trouver ci-joint LE FORMULAIRE D&#8217;INSCRIPTION DES H\u00d4TES qui doit \u00eatre rempli afin d&#8217;inscrire toutes les personnes majeures qui s\u00e9journeront \u00e0 LA MARISCALA.&nbsp; Ces informations doivent \u00eatre disponibles au moins un jour avant l&#8217;arriv\u00e9e conform\u00e9ment \u00e0 la r\u00e9glementation en vigueur et doivent \u00eatre remplies COMPL\u00c8TEMENT car l&#8217;absence d&#8217;une seule information emp\u00eache leur transmission \u00e0 la police nationale.<\/p>\n\n\n\n<p>Autres informations : Les chiens ne sont pas admis, le prix du bois de chauffage et l&#8217;utilisation du WI-FI doivent \u00eatre convenus avec le propri\u00e9taire. Le WIFI n&#8217;est disponible que dans le salon.<\/p>\n\n\n\n<p>Le paiement de l&#8217;acompte (30%), implique l&#8217;acceptation expresse du client des conditions g\u00e9n\u00e9rales et particuli\u00e8res contenues dans cette lettre.<\/p>\n\n\n\n<p>I<strong>nformations supplementaires du Covid :<\/strong><\/p>\n\n\n\n<p>L&#8217;admission sera soumise aux regles en vigueur a ce moment du covid de jerez et de la communaute andalousienne concernant le nombre maximal de personnes autorisees (aujourd&#8217;hui par exemple il n&#8217;y a pas de limitation de personnes) et a la mobilite qu&#8217;aujourd&#8217;hui par exemple. est ouvert entre les provinces. dans le cas o\u00f9 ces deux mesures emp\u00eacheraient les 14 personnes de se rencontrer, les 30% vers\u00e9s seront restitu\u00e9s, mais pas si ces mesures ne sont pas appliqu\u00e9es \u00e0 jerez et\/ou dans la communaut\u00e9 andalouse. en cas de doute dans l&#8217;interpr\u00e9tation de la r\u00e9glementation en vigueur, celle d\u00e9cid\u00e9e par la maison rurale pr\u00e9vaudra.<\/p>\n\n\t<\/div>\n\n<\/div>\n\n<\/div>\n","protected":false},"excerpt":{"rendered":"","protected":false},"author":1,"featured_media":0,"parent":0,"menu_order":0,"comment_status":"closed","ping_status":"closed","template":"page-templates\/content-full-width.php","meta":{"inline_featured_image":false,"footnotes":""},"yoast_head":"<!-- This site is optimized with the Yoast SEO plugin v22.6 - https:\/\/yoast.com\/wordpress\/plugins\/seo\/ -->\n<title>Termes et conditions d\u2019utilisation - Cortijo La Mariscala<\/title>\n<meta name=\"robots\" content=\"index, follow, max-snippet:-1, max-image-preview:large, max-video-preview:-1\" \/>\n<link rel=\"canonical\" href=\"https:\/\/www.cortijolamariscala.com\/fr\/termes-et-conditions-dutilisation\/\" \/>\n<meta property=\"og:locale\" content=\"fr_FR\" \/>\n<meta property=\"og:type\" content=\"article\" \/>\n<meta property=\"og:title\" content=\"Termes et conditions d\u2019utilisation - Cortijo La Mariscala\" \/>\n<meta property=\"og:url\" content=\"https:\/\/www.cortijolamariscala.com\/fr\/termes-et-conditions-dutilisation\/\" \/>\n<meta property=\"og:site_name\" content=\"Cortijo La Mariscala\" \/>\n<meta property=\"article:modified_time\" content=\"2022-01-31T08:18:54+00:00\" \/>\n<meta name=\"twitter:card\" content=\"summary_large_image\" \/>\n<meta name=\"twitter:label1\" content=\"Est. reading time\" \/>\n\t<meta name=\"twitter:data1\" content=\"3 minutes\" \/>\n<script type=\"application\/ld+json\" class=\"yoast-schema-graph\">{\"@context\":\"https:\/\/schema.org\",\"@graph\":[{\"@type\":\"WebPage\",\"@id\":\"https:\/\/www.cortijolamariscala.com\/fr\/termes-et-conditions-dutilisation\/\",\"url\":\"https:\/\/www.cortijolamariscala.com\/fr\/termes-et-conditions-dutilisation\/\",\"name\":\"Termes et conditions d\u2019utilisation - Cortijo La Mariscala\",\"isPartOf\":{\"@id\":\"https:\/\/www.cortijolamariscala.com\/#website\"},\"datePublished\":\"2022-01-31T08:18:32+00:00\",\"dateModified\":\"2022-01-31T08:18:54+00:00\",\"breadcrumb\":{\"@id\":\"https:\/\/www.cortijolamariscala.com\/fr\/termes-et-conditions-dutilisation\/#breadcrumb\"},\"inLanguage\":\"fr-FR\",\"potentialAction\":[{\"@type\":\"ReadAction\",\"target\":[\"https:\/\/www.cortijolamariscala.com\/fr\/termes-et-conditions-dutilisation\/\"]}]},{\"@type\":\"BreadcrumbList\",\"@id\":\"https:\/\/www.cortijolamariscala.com\/fr\/termes-et-conditions-dutilisation\/#breadcrumb\",\"itemListElement\":[{\"@type\":\"ListItem\",\"position\":1,\"name\":\"Portada\",\"item\":\"https:\/\/www.cortijolamariscala.com\/fr\/\"},{\"@type\":\"ListItem\",\"position\":2,\"name\":\"Termes et conditions d\u2019utilisation\"}]},{\"@type\":\"WebSite\",\"@id\":\"https:\/\/www.cortijolamariscala.com\/#website\",\"url\":\"https:\/\/www.cortijolamariscala.com\/\",\"name\":\"Cortijo La Mariscala\",\"description\":\"Un Cortijo t\u00edpicamente Andaluz\",\"potentialAction\":[{\"@type\":\"SearchAction\",\"target\":{\"@type\":\"EntryPoint\",\"urlTemplate\":\"https:\/\/www.cortijolamariscala.com\/?s={search_term_string}\"},\"query-input\":\"required name=search_term_string\"}],\"inLanguage\":\"fr-FR\"}]}<\/script>\n<!-- \/ Yoast SEO plugin. -->","yoast_head_json":{"title":"Termes et conditions d\u2019utilisation - Cortijo La Mariscala","robots":{"index":"index","follow":"follow","max-snippet":"max-snippet:-1","max-image-preview":"max-image-preview:large","max-video-preview":"max-video-preview:-1"},"canonical":"https:\/\/www.cortijolamariscala.com\/fr\/termes-et-conditions-dutilisation\/","og_locale":"fr_FR","og_type":"article","og_title":"Termes et conditions d\u2019utilisation - Cortijo La Mariscala","og_url":"https:\/\/www.cortijolamariscala.com\/fr\/termes-et-conditions-dutilisation\/","og_site_name":"Cortijo La Mariscala","article_modified_time":"2022-01-31T08:18:54+00:00","twitter_card":"summary_large_image","twitter_misc":{"Est. reading time":"3 minutes"},"schema":{"@context":"https:\/\/schema.org","@graph":[{"@type":"WebPage","@id":"https:\/\/www.cortijolamariscala.com\/fr\/termes-et-conditions-dutilisation\/","url":"https:\/\/www.cortijolamariscala.com\/fr\/termes-et-conditions-dutilisation\/","name":"Termes et conditions d\u2019utilisation - Cortijo La Mariscala","isPartOf":{"@id":"https:\/\/www.cortijolamariscala.com\/#website"},"datePublished":"2022-01-31T08:18:32+00:00","dateModified":"2022-01-31T08:18:54+00:00","breadcrumb":{"@id":"https:\/\/www.cortijolamariscala.com\/fr\/termes-et-conditions-dutilisation\/#breadcrumb"},"inLanguage":"fr-FR","potentialAction":[{"@type":"ReadAction","target":["https:\/\/www.cortijolamariscala.com\/fr\/termes-et-conditions-dutilisation\/"]}]},{"@type":"BreadcrumbList","@id":"https:\/\/www.cortijolamariscala.com\/fr\/termes-et-conditions-dutilisation\/#breadcrumb","itemListElement":[{"@type":"ListItem","position":1,"name":"Portada","item":"https:\/\/www.cortijolamariscala.com\/fr\/"},{"@type":"ListItem","position":2,"name":"Termes et conditions d\u2019utilisation"}]},{"@type":"WebSite","@id":"https:\/\/www.cortijolamariscala.com\/#website","url":"https:\/\/www.cortijolamariscala.com\/","name":"Cortijo La Mariscala","description":"Un Cortijo t\u00edpicamente Andaluz","potentialAction":[{"@type":"SearchAction","target":{"@type":"EntryPoint","urlTemplate":"https:\/\/www.cortijolamariscala.com\/?s={search_term_string}"},"query-input":"required name=search_term_string"}],"inLanguage":"fr-FR"}]}},"_links":{"self":[{"href":"https:\/\/www.cortijolamariscala.com\/fr\/wp-json\/wp\/v2\/pages\/1262"}],"collection":[{"href":"https:\/\/www.cortijolamariscala.com\/fr\/wp-json\/wp\/v2\/pages"}],"about":[{"href":"https:\/\/www.cortijolamariscala.com\/fr\/wp-json\/wp\/v2\/types\/page"}],"author":[{"embeddable":true,"href":"https:\/\/www.cortijolamariscala.com\/fr\/wp-json\/wp\/v2\/users\/1"}],"replies":[{"embeddable":true,"href":"https:\/\/www.cortijolamariscala.com\/fr\/wp-json\/wp\/v2\/comments?post=1262"}],"version-history":[{"count":1,"href":"https:\/\/www.cortijolamariscala.com\/fr\/wp-json\/wp\/v2\/pages\/1262\/revisions"}],"predecessor-version":[{"id":1263,"href":"https:\/\/www.cortijolamariscala.com\/fr\/wp-json\/wp\/v2\/pages\/1262\/revisions\/1263"}],"wp:attachment":[{"href":"https:\/\/www.cortijolamariscala.com\/fr\/wp-json\/wp\/v2\/media?parent=1262"}],"curies":[{"name":"wp","href":"https:\/\/api.w.org\/{rel}","templated":true}]}}