{"id":830,"date":"2022-01-21T12:17:26","date_gmt":"2022-01-21T11:17:26","guid":{"rendered":"https:\/\/www.cortijolamariscala.com\/?page_id=830"},"modified":"2024-02-13T11:11:55","modified_gmt":"2024-02-13T10:11:55","slug":"reserve","status":"publish","type":"page","link":"https:\/\/www.cortijolamariscala.com\/fr\/reserve\/","title":{"rendered":"R\u00e9serve"},"content":{"rendered":"<div class=\"wp-bootstrap-blocks-container container mb-2\">\n\t\n<div class=\"wp-bootstrap-blocks-row row\">\n\t\n\n<div class=\"col-12 col-sm-12 col-md-12 col-lg-12 col-xl-12 text-center\">\n\t\t\t\n\n<h2 class=\"wp-block-heading\">R\u00e9servations<\/h2>\n\n\n\n<hr class=\"wp-block-separator has-css-opacity\"\/>\n\n\t<\/div>\n\n<\/div>\n\n<\/div>\n\n\n<div class=\"wp-bootstrap-blocks-container container mb-2\">\n\t\n<div class=\"wp-bootstrap-blocks-row row\">\n\t\n\n<div class=\"col-12 col-sm-12 col-md-12 col-lg-12 col-xl-12 text-center tarifas\">\n\t\t\t\n\n<div class=\"wp-block-group tarifa\"><div class=\"wp-block-group__inner-container is-layout-flow wp-block-group-is-layout-flow\">\n<h3 class=\"wp-block-heading titulo\">haute saison<\/h3>\n\n\n\n<h2 class=\"wp-block-heading grande rojo\">550\u20ac<\/h2>\n\n\n\n<p>par jour.<\/p>\n\n\n\n<p>Chiffre d&#8217;affaires minimum<\/p>\n\n\n\n<h3 class=\"wp-block-heading precio\">1500\u20ac <\/h3>\n\n\n\n<p>10% de TVA en sus<\/p>\n\n\n\n<p><strong>P\u00e9riode<\/strong>: P\u00e2ques, Feria de Jerez, Grand Prix de moto, du 1er au 31 ao\u00fbt et du 1er au 31 d\u00e9cembre 2024.<\/p>\n<\/div><\/div>\n\n\n\n<div class=\"wp-block-group tarifa\"><div class=\"wp-block-group__inner-container is-layout-flow wp-block-group-is-layout-flow\">\n<h3 class=\"wp-block-heading titulo\">Saison interm\u00e9diaire<\/h3>\n\n\n\n<h2 class=\"wp-block-heading grande rojo\">450\u20ac<\/h2>\n\n\n\n<p>par jour.<\/p>\n\n\n\n<p>Chiffre d&#8217;affaires minimum<\/p>\n\n\n\n<h3 class=\"wp-block-heading precio\">600\u20ac<\/h3>\n\n\n\n<p><meta charset=\"utf-8\"><meta charset=\"utf-8\">10% de TVA en sus<\/p>\n\n\n\n<p><strong><strong>P\u00e9riode<\/strong>: <\/strong>Du 15 avril au 31 Juillet et du 1er septembre au 30 septembre.<\/p>\n<\/div><\/div>\n\n\n\n<div class=\"wp-block-group tarifa\"><div class=\"wp-block-group__inner-container is-layout-flow wp-block-group-is-layout-flow\">\n<h3 class=\"wp-block-heading titulo\">Basse saison<\/h3>\n\n\n\n<h2 class=\"wp-block-heading grande rojo\">350\u20ac<\/h2>\n\n\n\n<p>par jour.<\/p>\n\n\n\n<p>Chiffre d&#8217;affaires minimum<\/p>\n\n\n\n<h3 class=\"wp-block-heading precio\">600\u20ac<\/h3>\n\n\n\n<p><meta charset=\"utf-8\"><meta charset=\"utf-8\">10% de TVA en sus<\/p>\n\n\n\n<p><strong>P\u00e9riode<\/strong>: Reste de l&#8217;ann\u00e9e.<\/p>\n<\/div><\/div>\n\n\t<\/div>\n\n<\/div>\n\n<\/div>\n\n\n\n<div class=\"wp-block-group bloque-formulario\"><div class=\"wp-block-group__inner-container is-layout-flow wp-block-group-is-layout-flow\"><div class=\"wp-bootstrap-blocks-container container mb-2\">\n\t\n<div class=\"wp-bootstrap-blocks-row row\">\n\t\n\n<div class=\"col-12 col-sm-12 col-md-8 col-lg-8 col-xl-8 text-md-center offset-md-2 offset-lg-2 offset-xl-2\">\n\t\t\t\n\n<h3 class=\"wp-block-heading\">Formulaire de r\u00e9servation<\/h3>\n\n\n\n<p>Remplissez notre formulaire et nous vous r\u00e9pondrons dans les plus brefs d\u00e9lais<\/p>\n\n\t<\/div>\n\n<\/div>\n\n\n<div class=\"wp-bootstrap-blocks-row row\">\n\t\n\n<div class=\"col-12 col-sm-12 col-md-8 col-lg-8 col-xl-8 offset-md-2 offset-lg-2 offset-xl-2\">\n\t\t\t\n\n<div class=\"wpcf7 no-js\" id=\"wpcf7-f1157-o1\" lang=\"fr-FR\" dir=\"ltr\">\n<div class=\"screen-reader-response\"><p role=\"status\" aria-live=\"polite\" aria-atomic=\"true\"><\/p> <ul><\/ul><\/div>\n<form action=\"\/fr\/wp-json\/wp\/v2\/pages\/830#wpcf7-f1157-o1\" method=\"post\" class=\"wpcf7-form init\" aria-label=\"Contact form\" novalidate=\"novalidate\" data-status=\"init\">\n<div style=\"display: none;\">\n<input type=\"hidden\" name=\"_wpcf7\" value=\"1157\" \/>\n<input type=\"hidden\" name=\"_wpcf7_version\" value=\"5.9\" \/>\n<input type=\"hidden\" name=\"_wpcf7_locale\" value=\"fr_FR\" \/>\n<input type=\"hidden\" name=\"_wpcf7_unit_tag\" value=\"wpcf7-f1157-o1\" \/>\n<input type=\"hidden\" name=\"_wpcf7_container_post\" value=\"0\" \/>\n<input type=\"hidden\" name=\"_wpcf7_posted_data_hash\" value=\"\" \/>\n<\/div>\n<div class=\"row\">\n\t\t<div class=\"col-xs-12 col-sm-12 col-md-6 col-lg-6\">\n\t\t\t<div class=\"form-group nombre\"><input class=\"wpcf7-form-control wpcf7-text wpcf7-validates-as-required form-control\" name=\"nombre\" type=\"text\" value=\"\" placeholder=\"Nom\" aria-invalid=\"false\" aria-required=\"true\" required><\/div>\n\t\t<\/div>\n\t\t<div class=\"col-xs-12 col-sm-12 col-md-6 col-lg-6\">\n\t\t\t<div class=\"form-group apellidos\"><input class=\"wpcf7-form-control wpcf7-text wpcf7-validates-as-required form-control\" name=\"apellidos\" type=\"text\" value=\"\" placeholder=\"Noms de famille\" aria-invalid=\"false\" aria-required=\"true\" required><\/div>\n\t\t<\/div>\n\t<\/div>\n\t\n\t\n\t<div class=\"row\">\n\t\t<div class=\"col-xs-12 col-sm-12 col-md-6 col-lg-6\">\n\t\t\t<div class=\"form-group email\"><input class=\"wpcf7-form-control wpcf7-email wpcf7-validates-as-required wpcf7-text wpcf7-validates-as-email form-control\" name=\"email\" type=\"email\" value=\"\" placeholder=\"Email\" aria-invalid=\"false\" aria-required=\"true\" required><\/div>\n\t\t<\/div>\n\t\t<div class=\"col-xs-12 col-sm-12 col-md-6 col-lg-6\">\n\t\t\t<div class=\"form-group telefono\"><input class=\"wpcf7-form-control wpcf7-tel wpcf7-validates-as-required wpcf7-text wpcf7-validates-as-tel form-control\" name=\"telefono\" type=\"tel\" value=\"\" placeholder=\"T\u00e9l\u00e9phone\" aria-invalid=\"false\" aria-required=\"true\" required><\/div>\n\t\t<\/div>\n\t<\/div>\n\t<div class=\"row\">\n\t\t<div class=\"col-xs-12 col-sm-12 col-md-12 col-lg-12\">\n\t\t\t<div class=\"form-group mensaje\"><textarea class=\"wpcf7-form-control wpcf7-textarea wpcf7-validates-as-required form-control\" name=\"mensaje\" rows=\"4\" placeholder=\"Notez les d\u00e9tails de la r\u00e9servation\" aria-invalid=\"false\" aria-required=\"true\" required><\/textarea><\/div>\n\t\t<\/div>\n\t<\/div>\n\t<div class=\"row\">\n\t\t<div class=\"col-xs-12 col-sm-12 col-md-6 col-lg-8\">\n\t\t\t<div class=\"form-group wpcf7-form-control wpcf7-acceptance acceptance-834\"><div class=\"checkbox wpcf7-form-control wpcf7-acceptance acceptance-834\"><label ><input name=\"acceptance-834\" type=\"checkbox\" value=\"1\" aria-invalid=\"false\">J'ai lu et j'accepte la <a href=\"\/politica-de-privacidad\/\">politique de confidentialit\u00e9<\/a>.<\/label><\/div><\/div>\n\t\t<\/div>\t\n\t\t<div class=\"col-xs-12 col-sm-12 col-md-6 col-lg-4 text-md-right\">\n\t\t\t<div class=\"form-group\"><div><input class=\"wpcf7-form-control wpcf7-submit cta btn btn-primary\" type=\"submit\" value=\"Demande de r\u00e9servation\"><\/div><\/div>\n\t\t<\/div>\n\t<\/div><div class=\"wpcf7-response-output alert alert-warning\"><\/div>\n<\/form>\n<\/div>\n\n\n\t<\/div>\n\n<\/div>\n\n<\/div>\n<\/div><\/div>\n\n\n<div class=\"wp-bootstrap-blocks-container container mb-2\">\n\t\n<div class=\"wp-bootstrap-blocks-row row\">\n\t\n\n<div class=\"col-12 col-sm-12 col-md-6 col-lg-6 col-xl-6 offset-md-3\">\n\t\t\t\n\n<p class=\"has-text-align-left\"><strong> OBSERVATIONS:<\/strong><\/p>\n\n\n\n<ul>\n<li>Vous recevrez un devis et une lettre de conditions de r\u00e9servation.<\/li>\n<\/ul>\n\n\n\n<ul>\n<li>Tarifs valables du 01 janvier au 31 d\u00e9cembre 2024.<\/li>\n<\/ul>\n\n\n\n<ul>\n<li>Les tarifs ne concernent que l&#8217;h\u00e9bergement. Si d&#8217;autres services sont n\u00e9cessaires, tels que le nettoyage, le linge de lit, le petit-d\u00e9jeuner, etc.<\/li>\n<\/ul>\n\n\n\n<ul>\n<li>Nombre maximum de personnes autoris\u00e9es 14.<\/li>\n<\/ul>\n\n\n\n<ul>\n<li>Piscine ouverte toute l&#8217;ann\u00e9e.<\/li>\n<\/ul>\n\n\n\n<ul>\n<li>Les chiens et les animaux domestiques ne sont pas admis, sauf autorisation expresse pr\u00e9alable.<\/li>\n<\/ul>\n\n\n\n<ul>\n<li>TVA de 10 % non comprise.<\/li>\n<\/ul>\n\n\t<\/div>\n\n<\/div>\n\n<\/div>\n","protected":false},"excerpt":{"rendered":"","protected":false},"author":1,"featured_media":0,"parent":0,"menu_order":0,"comment_status":"closed","ping_status":"closed","template":"page-templates\/content-full-width.php","meta":{"inline_featured_image":false,"footnotes":""},"yoast_head":"<!-- This site is optimized with the Yoast SEO plugin v22.6 - https:\/\/yoast.com\/wordpress\/plugins\/seo\/ -->\n<title>R\u00e9serve - Cortijo La Mariscala<\/title>\n<meta name=\"robots\" content=\"index, follow, max-snippet:-1, max-image-preview:large, max-video-preview:-1\" \/>\n<link rel=\"canonical\" href=\"https:\/\/www.cortijolamariscala.com\/fr\/reserve\/\" \/>\n<meta property=\"og:locale\" content=\"fr_FR\" \/>\n<meta property=\"og:type\" content=\"article\" \/>\n<meta property=\"og:title\" content=\"R\u00e9serve - Cortijo La Mariscala\" \/>\n<meta property=\"og:url\" content=\"https:\/\/www.cortijolamariscala.com\/fr\/reserve\/\" \/>\n<meta property=\"og:site_name\" content=\"Cortijo La Mariscala\" \/>\n<meta property=\"article:modified_time\" content=\"2024-02-13T10:11:55+00:00\" \/>\n<meta name=\"twitter:card\" content=\"summary_large_image\" \/>\n<meta name=\"twitter:label1\" content=\"Est. reading time\" \/>\n\t<meta name=\"twitter:data1\" content=\"1 minute\" \/>\n<script type=\"application\/ld+json\" class=\"yoast-schema-graph\">{\"@context\":\"https:\/\/schema.org\",\"@graph\":[{\"@type\":\"WebPage\",\"@id\":\"https:\/\/www.cortijolamariscala.com\/fr\/reserve\/\",\"url\":\"https:\/\/www.cortijolamariscala.com\/fr\/reserve\/\",\"name\":\"R\u00e9serve - Cortijo La Mariscala\",\"isPartOf\":{\"@id\":\"https:\/\/www.cortijolamariscala.com\/#website\"},\"datePublished\":\"2022-01-21T11:17:26+00:00\",\"dateModified\":\"2024-02-13T10:11:55+00:00\",\"breadcrumb\":{\"@id\":\"https:\/\/www.cortijolamariscala.com\/fr\/reserve\/#breadcrumb\"},\"inLanguage\":\"fr-FR\",\"potentialAction\":[{\"@type\":\"ReadAction\",\"target\":[\"https:\/\/www.cortijolamariscala.com\/fr\/reserve\/\"]}]},{\"@type\":\"BreadcrumbList\",\"@id\":\"https:\/\/www.cortijolamariscala.com\/fr\/reserve\/#breadcrumb\",\"itemListElement\":[{\"@type\":\"ListItem\",\"position\":1,\"name\":\"Portada\",\"item\":\"https:\/\/www.cortijolamariscala.com\/fr\/\"},{\"@type\":\"ListItem\",\"position\":2,\"name\":\"R\u00e9serve\"}]},{\"@type\":\"WebSite\",\"@id\":\"https:\/\/www.cortijolamariscala.com\/#website\",\"url\":\"https:\/\/www.cortijolamariscala.com\/\",\"name\":\"Cortijo La Mariscala\",\"description\":\"Un Cortijo t\u00edpicamente Andaluz\",\"potentialAction\":[{\"@type\":\"SearchAction\",\"target\":{\"@type\":\"EntryPoint\",\"urlTemplate\":\"https:\/\/www.cortijolamariscala.com\/?s={search_term_string}\"},\"query-input\":\"required name=search_term_string\"}],\"inLanguage\":\"fr-FR\"}]}<\/script>\n<!-- \/ Yoast SEO plugin. -->","yoast_head_json":{"title":"R\u00e9serve - Cortijo La Mariscala","robots":{"index":"index","follow":"follow","max-snippet":"max-snippet:-1","max-image-preview":"max-image-preview:large","max-video-preview":"max-video-preview:-1"},"canonical":"https:\/\/www.cortijolamariscala.com\/fr\/reserve\/","og_locale":"fr_FR","og_type":"article","og_title":"R\u00e9serve - Cortijo La Mariscala","og_url":"https:\/\/www.cortijolamariscala.com\/fr\/reserve\/","og_site_name":"Cortijo La Mariscala","article_modified_time":"2024-02-13T10:11:55+00:00","twitter_card":"summary_large_image","twitter_misc":{"Est. reading time":"1 minute"},"schema":{"@context":"https:\/\/schema.org","@graph":[{"@type":"WebPage","@id":"https:\/\/www.cortijolamariscala.com\/fr\/reserve\/","url":"https:\/\/www.cortijolamariscala.com\/fr\/reserve\/","name":"R\u00e9serve - Cortijo La Mariscala","isPartOf":{"@id":"https:\/\/www.cortijolamariscala.com\/#website"},"datePublished":"2022-01-21T11:17:26+00:00","dateModified":"2024-02-13T10:11:55+00:00","breadcrumb":{"@id":"https:\/\/www.cortijolamariscala.com\/fr\/reserve\/#breadcrumb"},"inLanguage":"fr-FR","potentialAction":[{"@type":"ReadAction","target":["https:\/\/www.cortijolamariscala.com\/fr\/reserve\/"]}]},{"@type":"BreadcrumbList","@id":"https:\/\/www.cortijolamariscala.com\/fr\/reserve\/#breadcrumb","itemListElement":[{"@type":"ListItem","position":1,"name":"Portada","item":"https:\/\/www.cortijolamariscala.com\/fr\/"},{"@type":"ListItem","position":2,"name":"R\u00e9serve"}]},{"@type":"WebSite","@id":"https:\/\/www.cortijolamariscala.com\/#website","url":"https:\/\/www.cortijolamariscala.com\/","name":"Cortijo La Mariscala","description":"Un Cortijo t\u00edpicamente Andaluz","potentialAction":[{"@type":"SearchAction","target":{"@type":"EntryPoint","urlTemplate":"https:\/\/www.cortijolamariscala.com\/?s={search_term_string}"},"query-input":"required name=search_term_string"}],"inLanguage":"fr-FR"}]}},"_links":{"self":[{"href":"https:\/\/www.cortijolamariscala.com\/fr\/wp-json\/wp\/v2\/pages\/830"}],"collection":[{"href":"https:\/\/www.cortijolamariscala.com\/fr\/wp-json\/wp\/v2\/pages"}],"about":[{"href":"https:\/\/www.cortijolamariscala.com\/fr\/wp-json\/wp\/v2\/types\/page"}],"author":[{"embeddable":true,"href":"https:\/\/www.cortijolamariscala.com\/fr\/wp-json\/wp\/v2\/users\/1"}],"replies":[{"embeddable":true,"href":"https:\/\/www.cortijolamariscala.com\/fr\/wp-json\/wp\/v2\/comments?post=830"}],"version-history":[{"count":19,"href":"https:\/\/www.cortijolamariscala.com\/fr\/wp-json\/wp\/v2\/pages\/830\/revisions"}],"predecessor-version":[{"id":1784,"href":"https:\/\/www.cortijolamariscala.com\/fr\/wp-json\/wp\/v2\/pages\/830\/revisions\/1784"}],"wp:attachment":[{"href":"https:\/\/www.cortijolamariscala.com\/fr\/wp-json\/wp\/v2\/media?parent=830"}],"curies":[{"name":"wp","href":"https:\/\/api.w.org\/{rel}","templated":true}]}}